{"id":8589,"date":"2019-09-28T16:53:04","date_gmt":"2019-09-28T14:53:04","guid":{"rendered":"https:\/\/literarnenoviny.sk\/servis\/?page_id=8589"},"modified":"2024-02-09T15:36:00","modified_gmt":"2024-02-09T14:36:00","slug":"rozum","status":"publish","type":"page","link":"https:\/\/literarnenoviny.sk\/servis\/uzitocne-strany\/literarne-casopisy\/rozum\/","title":{"rendered":"Rozum"},"content":{"rendered":"<p><center><em><a href=\"https:\/\/literarnenoviny.sk\/servis\/uzitocne-strany\/\">u\u017eito\u010dn\u00e9 strany<\/a> &nbsp;&nbsp;\/&nbsp;&nbsp; <a href=\"https:\/\/literarnenoviny.sk\/servis\/uzitocne-strany\/literarne-casopisy\/\">liter\u00e1rne \u010dasopisy<\/a><\/em><\/center><\/p>\n<hr>\n<div class=\"gca-column one-half first\"><img decoding=\"async\" src=\"https:\/\/biblioteka.literarnenoviny.sk\/register\/casopisy\/rozum\/rozum.jpg\"  title=\"Rozum - Aktu\u00e1lne vydanie\" style=\"border:1px solid #d3d3d3;\" \/><br \/><em>Aktu\u00e1lne vydanie<\/em><\/div>\n<div class=\"gca-column one-half\"><h2>ROZUM<\/h2>\n<p>Liter\u00e1rny magaz\u00edn<br \/>\n<div class=\"gca-utility vertical-spacer\"><\/div>\n<em>Periodicita: mesa\u010dn\u00edk \/ dvojmesa\u010dn\u00edk<br \/>\nVydavate\u013e: Spolo\u010dnos\u0165 priate\u013eov kr\u00e1snej literat\u00fary<br \/>\nISSN 2644-4631<br \/><\/em><\/p>\n<p><span style=\"color: #d3d3d3;\"><!a href=\"https:\/\/\" target=\"_blank\" rel=\"noopener noreferrer\"><i class=\"fa fa-link \" title=\"facebook\" ><\/i><\/a> &nbsp; <!a href=\"\" target=\"_blank\" rel=\"noopener noreferrer\"><i class=\"fa fa-envelope-o \" title=\"e-mail\" ><\/i><\/a> &nbsp;&nbsp;&nbsp;&nbsp; <a href=\"https:\/\/www.facebook.com\/rozhovoryarozmyslanieoliterature\/\" target=\"_blank\" rel=\"noopener noreferrer\"><i class=\"fa fa-facebook \" title=\"facebook\" ><\/i><\/a> &nbsp; <i class=\"fa fa-instagram \" title=\"instagram\" ><\/i>  &nbsp; <i class=\"fa fa-twitter \" title=\"twitter\" ><\/i> &nbsp;<\/span><br \/><\/div>\n<div class=\"gca-utility clearfix\"><\/div>\n<div class=\"gca-utility vertical-spacer\"><\/div>\n<hr>\n<div class=\"gca-utility vertical-spacer\"><\/div>\n<div style=\"text-align: center;\">\n<h2>2024<\/h2>\n<\/div>\n<p><center><\/p>\n<div class=\"magshelf-edition\"><!a href=https:\/\/literarnenoviny.sk\/ \\><img decoding=\"async\" src=\"https:\/\/biblioteka.literarnenoviny.sk\/register\/casopisy\/rozum\/rozum_2024_01.jpg\"  title=\"Rozum 01\/2024\" style=\"bookshelf\" \/><\/a><\/div>\n<p><\/center><\/p>\n<hr>\n<div style=\"text-align: center;\">\n<h2>2023<\/h2>\n<\/div>\n<p><center><\/p>\n<div class=\"magshelf-edition\"><!a href=https:\/\/literarnenoviny.sk\/ \\><img decoding=\"async\" src=\"https:\/\/biblioteka.literarnenoviny.sk\/register\/casopisy\/rozum\/rozum_2023_10.jpg\"  title=\"Rozum 10\/2023\" style=\"bookshelf\" \/><\/a><!a href=https:\/\/literarnenoviny.sk\/ \\><img decoding=\"async\" src=\"https:\/\/biblioteka.literarnenoviny.sk\/register\/casopisy\/rozum\/rozum_2023_09.jpg\"  title=\"Rozum 09\/2023\" style=\"bookshelf\" \/><\/a><!a href=https:\/\/literarnenoviny.sk\/ \\><img decoding=\"async\" src=\"https:\/\/biblioteka.literarnenoviny.sk\/register\/casopisy\/rozum\/rozum_2023_07-08.jpg\"  title=\"Rozum 07-08\/2023\" style=\"bookshelf\" \/><\/a><!a href=https:\/\/literarnenoviny.sk\/ \\><img decoding=\"async\" src=\"https:\/\/biblioteka.literarnenoviny.sk\/register\/casopisy\/rozum\/rozum_2023_06.jpg\"  title=\"Rozum 06\/2023\" style=\"bookshelf\" \/><\/a><!a href=https:\/\/literarnenoviny.sk\/ \\><img decoding=\"async\" src=\"https:\/\/biblioteka.literarnenoviny.sk\/register\/casopisy\/rozum\/rozum_2023_05.jpg\"  title=\"Rozum 05\/2023\" style=\"bookshelf\" \/><\/a><!a href=https:\/\/literarnenoviny.sk\/ \\><img decoding=\"async\" src=\"https:\/\/biblioteka.literarnenoviny.sk\/register\/casopisy\/rozum\/rozum_2023_04.jpg\"  title=\"Rozum 04\/2023\" style=\"bookshelf\" \/><\/a><!a href=https:\/\/literarnenoviny.sk\/ \\><img decoding=\"async\" src=\"https:\/\/biblioteka.literarnenoviny.sk\/register\/casopisy\/rozum\/rozum_2023_03.jpg\"  title=\"Rozum 03\/2023\" style=\"bookshelf\" \/><\/a><!a href=https:\/\/literarnenoviny.sk\/ \\><img decoding=\"async\" src=\"https:\/\/biblioteka.literarnenoviny.sk\/register\/casopisy\/rozum\/rozum_2023_02.jpg\"  title=\"Rozum 02\/2023\" style=\"bookshelf\" \/><\/a><!a href=https:\/\/literarnenoviny.sk\/ \\><img decoding=\"async\" src=\"https:\/\/biblioteka.literarnenoviny.sk\/register\/casopisy\/rozum\/rozum_2023_01.jpg\"  title=\"Rozum 01\/2023\" style=\"bookshelf\" \/><\/a><\/div>\n<p><\/center><\/p>\n<hr>\n<div style=\"text-align: center;\">\n<h2>2022<\/h2>\n<\/div>\n<p><center><\/p>\n<div class=\"magshelf-edition\"><!a href=https:\/\/literarnenoviny.sk\/ \\><img decoding=\"async\" src=\"https:\/\/biblioteka.literarnenoviny.sk\/register\/casopisy\/rozum\/rozum_2022_10-12.jpg\"  title=\"Rozum 10-12\/2022\" style=\"bookshelf\" \/><\/a><!a href=https:\/\/literarnenoviny.sk\/ \\><img decoding=\"async\" src=\"https:\/\/biblioteka.literarnenoviny.sk\/register\/casopisy\/rozum\/rozum_2022_09.jpg\"  title=\"Rozum 09\/2022\" style=\"bookshelf\" \/><\/a><!a href=https:\/\/literarnenoviny.sk\/ \\><img decoding=\"async\" src=\"https:\/\/biblioteka.literarnenoviny.sk\/register\/casopisy\/rozum\/rozum_2022_08.jpg\"  title=\"Rozum 08\/2022\" style=\"bookshelf\" \/><\/a><!a href=https:\/\/literarnenoviny.sk\/ \\><img decoding=\"async\" src=\"https:\/\/biblioteka.literarnenoviny.sk\/register\/casopisy\/rozum\/rozum_2022_06-07.jpg\"  title=\"Rozum 06-07\/2022\" style=\"bookshelf\" \/><\/a><!a href=https:\/\/literarnenoviny.sk\/ \\><img decoding=\"async\" src=\"https:\/\/biblioteka.literarnenoviny.sk\/register\/casopisy\/rozum\/rozum_2022_05.jpg\"  title=\"Rozum 05\/2022\" style=\"bookshelf\" \/><\/a><!a href=https:\/\/literarnenoviny.sk\/ \\><img decoding=\"async\" src=\"https:\/\/biblioteka.literarnenoviny.sk\/register\/casopisy\/rozum\/rozum_2022_04.jpg\"  title=\"Rozum 04\/2022\" style=\"bookshelf\" \/><\/a><!a href=https:\/\/literarnenoviny.sk\/ \\><img decoding=\"async\" src=\"https:\/\/biblioteka.literarnenoviny.sk\/register\/casopisy\/rozum\/rozum_2022_03.jpg\"  title=\"Rozum 03\/2022\" style=\"bookshelf\" \/><\/a><!a href=https:\/\/literarnenoviny.sk\/ \\><img decoding=\"async\" src=\"https:\/\/biblioteka.literarnenoviny.sk\/register\/casopisy\/rozum\/rozum_2022_02.jpg\"  title=\"Rozum 02\/2022\" style=\"bookshelf\" \/><\/a><!a href=https:\/\/literarnenoviny.sk\/ \\><img decoding=\"async\" src=\"https:\/\/biblioteka.literarnenoviny.sk\/register\/casopisy\/rozum\/rozum_2022_01.jpg\"  title=\"Rozum 01\/2022\" style=\"bookshelf\" \/><\/a><\/div>\n<p><\/center><\/p>\n<hr>\n<div style=\"text-align: center;\">\n<h2>2021<\/h2>\n<\/div>\n<p><center><\/p>\n<div class=\"magshelf-edition\"><!a href=https:\/\/literarnenoviny.sk\/ \\><img decoding=\"async\" src=\"https:\/\/biblioteka.literarnenoviny.sk\/register\/casopisy\/rozum\/rozum_2021_09-10.jpg\"  title=\"Rozum 09-10\/2021\" style=\"bookshelf\" \/><\/a><!a href=https:\/\/literarnenoviny.sk\/ \\><img decoding=\"async\" src=\"https:\/\/biblioteka.literarnenoviny.sk\/register\/casopisy\/rozum\/rozum_2021_08.jpg\"  title=\"Rozum 08\/2021\" style=\"bookshelf\" \/><\/a><!a href=https:\/\/literarnenoviny.sk\/ \\><img decoding=\"async\" src=\"https:\/\/biblioteka.literarnenoviny.sk\/register\/casopisy\/rozum\/rozum_2021_06-07.jpg\"  title=\"Rozum 06-07\/2021\" style=\"bookshelf\" \/><\/a><!a href=https:\/\/literarnenoviny.sk\/ \\><img decoding=\"async\" src=\"https:\/\/biblioteka.literarnenoviny.sk\/register\/casopisy\/rozum\/rozum_2021_05.jpg\"  title=\"Rozum 05\/2021\" style=\"bookshelf\" \/><\/a><!a href=https:\/\/literarnenoviny.sk\/ \\><img decoding=\"async\" src=\"https:\/\/biblioteka.literarnenoviny.sk\/register\/casopisy\/rozum\/rozum_2021_04.jpg\"  title=\"Rozum 04\/2021\" style=\"bookshelf\" \/><\/a><!a href=https:\/\/literarnenoviny.sk\/ \\><img decoding=\"async\" src=\"https:\/\/biblioteka.literarnenoviny.sk\/register\/casopisy\/rozum\/rozum_2021_03.jpg\"  title=\"Rozum 03\/2021\" style=\"bookshelf\" \/><\/a><!a href=https:\/\/literarnenoviny.sk\/ \\><img decoding=\"async\" src=\"https:\/\/biblioteka.literarnenoviny.sk\/register\/casopisy\/rozum\/rozum_2021_02.jpg\"  title=\"Rozum 02\/2021\" style=\"bookshelf\" \/><\/a><!a href=https:\/\/literarnenoviny.sk\/ \\><img decoding=\"async\" src=\"https:\/\/biblioteka.literarnenoviny.sk\/register\/casopisy\/rozum\/rozum_2021_01.jpg\"  title=\"Rozum 01\/2021\" style=\"bookshelf\" \/><\/a><\/div>\n<p><\/center><\/p>\n<hr>\n<div style=\"text-align: center;\">\n<h2>2020<\/h2>\n<\/div>\n<p><center><\/p>\n<div class=\"magshelf-edition\"><!a href=https:\/\/literarnenoviny.sk\/ \\><img decoding=\"async\" src=\"https:\/\/biblioteka.literarnenoviny.sk\/register\/casopisy\/rozum\/rozum_2020_special.jpg\"  title=\"Rozum \u0160pecial\/2020\" style=\"bookshelf\" \/><\/a><!a href=https:\/\/literarnenoviny.sk\/ \\><img decoding=\"async\" src=\"https:\/\/biblioteka.literarnenoviny.sk\/register\/casopisy\/rozum\/rozum_2020_12.jpg\"  title=\"Rozum 12\/2020\" style=\"bookshelf\" \/><\/a><!a href=https:\/\/literarnenoviny.sk\/ \\><img decoding=\"async\" src=\"https:\/\/biblioteka.literarnenoviny.sk\/register\/casopisy\/rozum\/rozum_2020_10-11.jpg\"  title=\"Rozum 10-11\/2020\" style=\"bookshelf\" \/><\/a><!a href=https:\/\/literarnenoviny.sk\/ \\><img decoding=\"async\" src=\"https:\/\/biblioteka.literarnenoviny.sk\/register\/casopisy\/rozum\/rozum_2020_09.jpg\"  title=\"Rozum 09\/2020\" style=\"bookshelf\" \/><\/a><!a href=https:\/\/literarnenoviny.sk\/ \\><!a href=https:\/\/literarnenoviny.sk\/ \\><img decoding=\"async\" src=\"https:\/\/biblioteka.literarnenoviny.sk\/register\/casopisy\/rozum\/rozum_2020_07-08.jpg\"  title=\"Rozum 07-08\/2020\" style=\"bookshelf\" \/><\/a><!a href=https:\/\/literarnenoviny.sk\/ \\><!a href=https:\/\/literarnenoviny.sk\/ \\><img decoding=\"async\" src=\"https:\/\/biblioteka.literarnenoviny.sk\/register\/casopisy\/rozum\/rozum_2020_06.jpg\"  title=\"Rozum 06\/2020\" style=\"bookshelf\" \/><\/a><!a href=https:\/\/literarnenoviny.sk\/ \\><!a href=https:\/\/literarnenoviny.sk\/ \\><img decoding=\"async\" src=\"https:\/\/biblioteka.literarnenoviny.sk\/register\/casopisy\/rozum\/rozum_2020_05.jpg\"  title=\"Rozum 05\/2020\" style=\"bookshelf\" \/><\/a><!a href=https:\/\/literarnenoviny.sk\/ \\><img decoding=\"async\" src=\"https:\/\/biblioteka.literarnenoviny.sk\/register\/casopisy\/rozum\/rozum_2020_04.jpg\"  title=\"Rozum 04\/2020\" style=\"bookshelf\" \/><\/a><!a href=https:\/\/literarnenoviny.sk\/ \\><img decoding=\"async\" src=\"https:\/\/biblioteka.literarnenoviny.sk\/register\/casopisy\/rozum\/rozum_2020_03.jpg\"  title=\"Rozum 03\/2020\" style=\"bookshelf\" \/><\/a><!a href=https:\/\/literarnenoviny.sk\/ \\><img decoding=\"async\" src=\"https:\/\/biblioteka.literarnenoviny.sk\/register\/casopisy\/rozum\/rozum_2020_01-02.jpg\"  title=\"Rozum 01-02\/2020\" style=\"bookshelf\" \/><\/a><\/div>\n<p><\/center><\/p>\n<hr>\n<div style=\"text-align: center;\">\n<h2>2019<\/h2>\n<\/div>\n<p><center><\/p>\n<div class=\"magshelf-edition\"><!a href=https:\/\/literarnenoviny.sk\/ \\><img decoding=\"async\" src=\"https:\/\/biblioteka.literarnenoviny.sk\/register\/casopisy\/rozum\/rozum_2019_11.jpg\"  title=\"Rozum 11\/2019\" style=\"bookshelf\" \/><\/a><!a href=https:\/\/literarnenoviny.sk\/ \\><img decoding=\"async\" src=\"https:\/\/biblioteka.literarnenoviny.sk\/register\/casopisy\/rozum\/rozum_2019_09-10.jpg\"  title=\"Rozum 09-10\/2019\" style=\"bookshelf\" \/><\/a><!a href=https:\/\/literarnenoviny.sk\/ \\><img decoding=\"async\" src=\"https:\/\/biblioteka.literarnenoviny.sk\/register\/casopisy\/rozum\/rozum_2019_08.jpg\"  title=\"Rozum 08\/2019\" style=\"bookshelf\" \/><\/a><!a href=https:\/\/literarnenoviny.sk\/ \\><img decoding=\"async\" src=\"https:\/\/biblioteka.literarnenoviny.sk\/register\/casopisy\/rozum\/rozum_2019_06-07.jpg\"  title=\"Rozum 06-07\/2019\" style=\"bookshelf\" \/><\/a><!a href=https:\/\/literarnenoviny.sk\/ \\><img decoding=\"async\" src=\"https:\/\/biblioteka.literarnenoviny.sk\/register\/casopisy\/rozum\/rozum_2019_05.jpg\"  title=\"Rozum 05\/2019\" style=\"bookshelf\" \/><\/a><!a href=https:\/\/literarnenoviny.sk\/ \\><img decoding=\"async\" src=\"https:\/\/biblioteka.literarnenoviny.sk\/register\/casopisy\/rozum\/rozum_2019_04.jpg\"  title=\"Rozum 04\/2019\" style=\"bookshelf\" \/><\/a><!a href=https:\/\/literarnenoviny.sk\/ \\><img decoding=\"async\" src=\"https:\/\/biblioteka.literarnenoviny.sk\/register\/casopisy\/rozum\/rozum_2019_03.jpg\"  title=\"Rozum 03\/2019\" style=\"bookshelf\" \/><\/a><!a href=https:\/\/literarnenoviny.sk\/ \\><img decoding=\"async\" src=\"https:\/\/biblioteka.literarnenoviny.sk\/register\/casopisy\/rozum\/rozum_2019_01-02.jpg\"  title=\"Rozum 01-02\/2019\" style=\"bookshelf\" \/><\/a><\/div>\n<p><\/center><\/p>\n<hr>\n","protected":false},"excerpt":{"rendered":"<p>u\u017eito\u010dn\u00e9 strany &nbsp;&nbsp;\/&nbsp;&nbsp; liter\u00e1rne \u010dasopisy 2024&nbsp;2023&nbsp;2022&nbsp;2021&nbsp;2020&nbsp;2019<\/p>\n","protected":false},"author":2,"featured_media":0,"parent":8570,"menu_order":10,"comment_status":"closed","ping_status":"closed","template":"","meta":{"_links_to":"","_links_to_target":""},"_links":{"self":[{"href":"https:\/\/literarnenoviny.sk\/servis\/wp-json\/wp\/v2\/pages\/8589"}],"collection":[{"href":"https:\/\/literarnenoviny.sk\/servis\/wp-json\/wp\/v2\/pages"}],"about":[{"href":"https:\/\/literarnenoviny.sk\/servis\/wp-json\/wp\/v2\/types\/page"}],"author":[{"embeddable":true,"href":"https:\/\/literarnenoviny.sk\/servis\/wp-json\/wp\/v2\/users\/2"}],"replies":[{"embeddable":true,"href":"https:\/\/literarnenoviny.sk\/servis\/wp-json\/wp\/v2\/comments?post=8589"}],"version-history":[{"count":0,"href":"https:\/\/literarnenoviny.sk\/servis\/wp-json\/wp\/v2\/pages\/8589\/revisions"}],"up":[{"embeddable":true,"href":"https:\/\/literarnenoviny.sk\/servis\/wp-json\/wp\/v2\/pages\/8570"}],"wp:attachment":[{"href":"https:\/\/literarnenoviny.sk\/servis\/wp-json\/wp\/v2\/media?parent=8589"}],"curies":[{"name":"wp","href":"https:\/\/api.w.org\/{rel}","templated":true}]}}